{"id":1349,"date":"2021-10-11T08:23:32","date_gmt":"2021-10-11T06:23:32","guid":{"rendered":"https:\/\/ecnordic.com\/find-vores-produkter\/"},"modified":"2022-01-21T16:06:12","modified_gmt":"2022-01-21T15:06:12","slug":"find-vores-produkter","status":"publish","type":"page","link":"https:\/\/ecnordic.com\/en\/find-vores-produkter\/","title":{"rendered":"Find vores produkter"},"content":{"rendered":"<p>Find vores produkter her, udvalget varierer fra butik til butik:<\/p>\n<p>Eco Clean, f\u00e5s i fast sortiment i :<br \/>\nBilka<br \/>\nF\u00f8tex<br \/>\nF\u00f8tex Food<br \/>\nNetto (som spot tilbud)<br \/>\nCoop 365<br \/>\nFakta<br \/>\nKvickly<br \/>\nSuper brugsen<br \/>\nIrma<br \/>\nMenu<\/p>\n<p>Eco Care findes hos:<br \/>\nF\u00f8tex<br \/>\nBilka<br \/>\nNetto (som spot tilbud)<\/p>\n","protected":false},"excerpt":{"rendered":"<p>Find vores produkter her, udvalget varierer fra butik til butik: Eco Clean, f\u00e5s i fast sortiment i : Bilka F\u00f8tex F\u00f8tex Food Netto (som spot tilbud) Coop 365 Fakta Kvickly Super brugsen Irma Menu Eco Care findes hos: F\u00f8tex Bilka Netto (som spot tilbud)<\/p>\n","protected":false},"author":5,"featured_media":0,"parent":0,"menu_order":0,"comment_status":"closed","ping_status":"closed","template":"page-side-to-side.php","meta":{"_acf_changed":false,"_genesis_block_theme_hide_title":false,"footnotes":""},"class_list":["post-1349","page","type-page","status-publish","hentry","post","without-featured-image"],"acf":[],"yoast_head":"<!-- This site is optimized with the Yoast SEO plugin v26.3 - https:\/\/yoast.com\/wordpress\/plugins\/seo\/ -->\n<title>Find vores produkter - EcoClean nordic<\/title>\n<meta name=\"robots\" content=\"index, follow, max-snippet:-1, max-image-preview:large, max-video-preview:-1\" \/>\n<link rel=\"canonical\" href=\"https:\/\/ecnordic.com\/en\/find-vores-produkter\/\" \/>\n<meta property=\"og:locale\" content=\"en_US\" \/>\n<meta property=\"og:type\" content=\"article\" \/>\n<meta property=\"og:title\" content=\"Find vores produkter - EcoClean nordic\" \/>\n<meta property=\"og:description\" content=\"Find vores produkter her, udvalget varierer fra butik til butik: Eco Clean, f\u00e5s i fast sortiment i : Bilka F\u00f8tex F\u00f8tex Food Netto (som spot tilbud) Coop 365 Fakta Kvickly Super brugsen Irma Menu Eco Care findes hos: F\u00f8tex Bilka Netto (som spot tilbud)\" \/>\n<meta property=\"og:url\" content=\"https:\/\/ecnordic.com\/en\/find-vores-produkter\/\" \/>\n<meta property=\"og:site_name\" content=\"EcoClean nordic\" \/>\n<meta property=\"article:modified_time\" content=\"2022-01-21T15:06:12+00:00\" \/>\n<meta name=\"twitter:card\" content=\"summary_large_image\" \/>\n<script type=\"application\/ld+json\" class=\"yoast-schema-graph\">{\"@context\":\"https:\/\/schema.org\",\"@graph\":[{\"@type\":\"WebPage\",\"@id\":\"https:\/\/ecnordic.com\/en\/find-vores-produkter\/\",\"url\":\"https:\/\/ecnordic.com\/en\/find-vores-produkter\/\",\"name\":\"Find vores produkter - EcoClean nordic\",\"isPartOf\":{\"@id\":\"https:\/\/ecnordic.com\/#website\"},\"datePublished\":\"2021-10-11T06:23:32+00:00\",\"dateModified\":\"2022-01-21T15:06:12+00:00\",\"breadcrumb\":{\"@id\":\"https:\/\/ecnordic.com\/en\/find-vores-produkter\/#breadcrumb\"},\"inLanguage\":\"en-US\",\"potentialAction\":[{\"@type\":\"ReadAction\",\"target\":[\"https:\/\/ecnordic.com\/en\/find-vores-produkter\/\"]}]},{\"@type\":\"BreadcrumbList\",\"@id\":\"https:\/\/ecnordic.com\/en\/find-vores-produkter\/#breadcrumb\",\"itemListElement\":[{\"@type\":\"ListItem\",\"position\":1,\"name\":\"Hjem\",\"item\":\"https:\/\/ecnordic.com\/en\/\"},{\"@type\":\"ListItem\",\"position\":2,\"name\":\"Find vores produkter\"}]},{\"@type\":\"WebSite\",\"@id\":\"https:\/\/ecnordic.com\/#website\",\"url\":\"https:\/\/ecnordic.com\/\",\"name\":\"EcoClean nordic\",\"description\":\"CLEANING WITH CARE\",\"publisher\":{\"@id\":\"https:\/\/ecnordic.com\/#organization\"},\"potentialAction\":[{\"@type\":\"SearchAction\",\"target\":{\"@type\":\"EntryPoint\",\"urlTemplate\":\"https:\/\/ecnordic.com\/?s={search_term_string}\"},\"query-input\":{\"@type\":\"PropertyValueSpecification\",\"valueRequired\":true,\"valueName\":\"search_term_string\"}}],\"inLanguage\":\"en-US\"},{\"@type\":\"Organization\",\"@id\":\"https:\/\/ecnordic.com\/#organization\",\"name\":\"EcoClean nordic\",\"url\":\"https:\/\/ecnordic.com\/\",\"logo\":{\"@type\":\"ImageObject\",\"inLanguage\":\"en-US\",\"@id\":\"https:\/\/ecnordic.com\/#\/schema\/logo\/image\/\",\"url\":\"https:\/\/ecnordic.com\/wp-content\/uploads\/2021\/06\/Layer-13.png\",\"contentUrl\":\"https:\/\/ecnordic.com\/wp-content\/uploads\/2021\/06\/Layer-13.png\",\"width\":312,\"height\":97,\"caption\":\"EcoClean nordic\"},\"image\":{\"@id\":\"https:\/\/ecnordic.com\/#\/schema\/logo\/image\/\"}}]}<\/script>\n<!-- \/ Yoast SEO plugin. -->","yoast_head_json":{"title":"Find vores produkter - EcoClean nordic","robots":{"index":"index","follow":"follow","max-snippet":"max-snippet:-1","max-image-preview":"max-image-preview:large","max-video-preview":"max-video-preview:-1"},"canonical":"https:\/\/ecnordic.com\/en\/find-vores-produkter\/","og_locale":"en_US","og_type":"article","og_title":"Find vores produkter - EcoClean nordic","og_description":"Find vores produkter her, udvalget varierer fra butik til butik: Eco Clean, f\u00e5s i fast sortiment i : Bilka F\u00f8tex F\u00f8tex Food Netto (som spot tilbud) Coop 365 Fakta Kvickly Super brugsen Irma Menu Eco Care findes hos: F\u00f8tex Bilka Netto (som spot tilbud)","og_url":"https:\/\/ecnordic.com\/en\/find-vores-produkter\/","og_site_name":"EcoClean nordic","article_modified_time":"2022-01-21T15:06:12+00:00","twitter_card":"summary_large_image","schema":{"@context":"https:\/\/schema.org","@graph":[{"@type":"WebPage","@id":"https:\/\/ecnordic.com\/en\/find-vores-produkter\/","url":"https:\/\/ecnordic.com\/en\/find-vores-produkter\/","name":"Find vores produkter - EcoClean nordic","isPartOf":{"@id":"https:\/\/ecnordic.com\/#website"},"datePublished":"2021-10-11T06:23:32+00:00","dateModified":"2022-01-21T15:06:12+00:00","breadcrumb":{"@id":"https:\/\/ecnordic.com\/en\/find-vores-produkter\/#breadcrumb"},"inLanguage":"en-US","potentialAction":[{"@type":"ReadAction","target":["https:\/\/ecnordic.com\/en\/find-vores-produkter\/"]}]},{"@type":"BreadcrumbList","@id":"https:\/\/ecnordic.com\/en\/find-vores-produkter\/#breadcrumb","itemListElement":[{"@type":"ListItem","position":1,"name":"Hjem","item":"https:\/\/ecnordic.com\/en\/"},{"@type":"ListItem","position":2,"name":"Find vores produkter"}]},{"@type":"WebSite","@id":"https:\/\/ecnordic.com\/#website","url":"https:\/\/ecnordic.com\/","name":"EcoClean nordic","description":"CLEANING WITH CARE","publisher":{"@id":"https:\/\/ecnordic.com\/#organization"},"potentialAction":[{"@type":"SearchAction","target":{"@type":"EntryPoint","urlTemplate":"https:\/\/ecnordic.com\/?s={search_term_string}"},"query-input":{"@type":"PropertyValueSpecification","valueRequired":true,"valueName":"search_term_string"}}],"inLanguage":"en-US"},{"@type":"Organization","@id":"https:\/\/ecnordic.com\/#organization","name":"EcoClean nordic","url":"https:\/\/ecnordic.com\/","logo":{"@type":"ImageObject","inLanguage":"en-US","@id":"https:\/\/ecnordic.com\/#\/schema\/logo\/image\/","url":"https:\/\/ecnordic.com\/wp-content\/uploads\/2021\/06\/Layer-13.png","contentUrl":"https:\/\/ecnordic.com\/wp-content\/uploads\/2021\/06\/Layer-13.png","width":312,"height":97,"caption":"EcoClean nordic"},"image":{"@id":"https:\/\/ecnordic.com\/#\/schema\/logo\/image\/"}}]}},"_links":{"self":[{"href":"https:\/\/ecnordic.com\/en\/wp-json\/wp\/v2\/pages\/1349","targetHints":{"allow":["GET"]}}],"collection":[{"href":"https:\/\/ecnordic.com\/en\/wp-json\/wp\/v2\/pages"}],"about":[{"href":"https:\/\/ecnordic.com\/en\/wp-json\/wp\/v2\/types\/page"}],"author":[{"embeddable":true,"href":"https:\/\/ecnordic.com\/en\/wp-json\/wp\/v2\/users\/5"}],"replies":[{"embeddable":true,"href":"https:\/\/ecnordic.com\/en\/wp-json\/wp\/v2\/comments?post=1349"}],"version-history":[{"count":0,"href":"https:\/\/ecnordic.com\/en\/wp-json\/wp\/v2\/pages\/1349\/revisions"}],"wp:attachment":[{"href":"https:\/\/ecnordic.com\/en\/wp-json\/wp\/v2\/media?parent=1349"}],"curies":[{"name":"wp","href":"https:\/\/api.w.org\/{rel}","templated":true}]}}